{"id":215,"date":"2019-04-30T12:43:54","date_gmt":"2019-04-30T10:43:54","guid":{"rendered":"http:\/\/sixxon.kbu-wpserver.de\/?page_id=215"},"modified":"2025-02-25T08:38:26","modified_gmt":"2025-02-25T07:38:26","slug":"impressum","status":"publish","type":"page","link":"https:\/\/www.sixxon.eu\/en\/impressum\/","title":{"rendered":"Legal Notice"},"content":{"rendered":"<h2 class=\"wp-block-heading\">Information pursuant to \u00a7 5 TMG<\/h2>\n\n\n\n<p class=\"wp-block-paragraph\">Sixxon Import\/Export\/Service GmbH<br>Am Flugplatz 24<br>88483 Burgrieden-B\u00fchl<br>Germany<\/p>\n\n\n\n<p class=\"wp-block-paragraph\"><strong>Represented by the managing director:<\/strong><br>Managing Director<br>Reinhold Gehring<\/p>\n\n\n\n<p class=\"wp-block-paragraph\">Commercial register: HRB 720766<br>Registration court: Amtsgericht Ulm<\/p>\n\n\n\n<h2 class=\"wp-block-heading\">Contact<\/h2>\n\n\n\n<p class=\"wp-block-paragraph\">Telephone: <a href=\"tel:+49739293869010\">+49 7392 93 86 90-10<\/a><br>Telefax: +49 7392 93 86 90-29<br>Email: <a href=\"mailto:office@sixxon.eu\">office@sixxon.eu<\/a><\/p>\n\n\n\n<h2 class=\"wp-block-heading\">VAT ID<\/h2>\n\n\n\n<p class=\"wp-block-paragraph\">Sales tax identification number according to \u00a7 27 a of the Sales Tax Law:<br>DE814808051<\/p>\n\n\n\n<p class=\"wp-block-paragraph\">D-U-N-S-No.: 55-143-6053<\/p>\n\n\n\n<h2 class=\"wp-block-heading\">EU dispute resolution<\/h2>\n\n\n\n<p class=\"wp-block-paragraph\">The European Commission provides a platform for online dispute resolution (ODR): <a rel=\"noreferrer noopener\" href=\"https:\/\/ec.europa.eu\/consumers\/odr\" target=\"_blank\">https:\/\/ec.europa.eu\/consumers\/odr<\/a>.<br>Our e-mail address can be found above in the site notice.<\/p>\n\n\n\n<p class=\"wp-block-paragraph\">We are not willing or obliged to participate in dispute resolution proceedings before a consumer arbitration board.<\/p>\n\n\n\n<h3 class=\"wp-block-heading\">Liability for Contents<\/h3>\n\n\n\n<p class=\"wp-block-paragraph\">As service providers, we are liable for own contents of these websites according to Paragraph 7, Sect. 1 German Telemedia Act (TMG). However, according to Paragraphs 8 to 10 German Telemedia Act (TMG), service providers are not obligated to permanently monitor submitted or stored information or to search for evidences that indicate illegal activities.<\/p>\n\n\n\n<p class=\"wp-block-paragraph\">Legal obligations to removing information or to blocking the use of information remain unchallenged. In this case, liability is only possible at the time of knowledge about a specific violation of law. Illegal contents will be removed immediately at the time we get knowledge of them.<\/p>\n\n\n\n<h3 class=\"wp-block-heading\">Liability for Links<\/h3>\n\n\n\n<p class=\"wp-block-paragraph\">Our offer includes links to external third party websites. We have no influence on the contents of those websites, therefore we cannot guarantee for those contents. Providers or administrators of linked websites are always responsible for their own contents.<\/p>\n\n\n\n<p class=\"wp-block-paragraph\">The linked websites had been checked for possible violations of law at the time of the establishment of the link. Illegal contents were not detected at the time of the linking. A permanent monitoring of the contents of linked websites cannot be imposed without reasonable indications that there has been a violation of law. Illegal links will be removed immediately at the time we get knowledge of them.<\/p>\n\n\n\n<h3 class=\"wp-block-heading\">Copyright<\/h3>\n\n\n\n<p class=\"wp-block-paragraph\">Contents and compilations published on these websites by the providers are subject to German copyright laws. Reproduction, editing, distribution as well as the use of any kind outside the scope of the copyright law require a written permission of the author or originator. Downloads and copies of these websites are permitted for private use only.\nThe commercial use of our contents without permission of the originator is prohibited.<\/p>\n\n\n\n<p class=\"wp-block-paragraph\">Copyright laws of third parties are respected as long as the contents on these websites do not originate from the provider. Contributions of third parties on this site are indicated as such. However, if you notice any violations of copyright law, please inform us. Such contents will be removed immediately.<\/p>","protected":false},"excerpt":{"rendered":"<p>Angaben gem\u00e4\u00df \u00a7 5 TMG Sixxon Import\/Export\/Service GmbHAm Flugplatz 2488483 Burgrieden-B\u00fchlDeutschland Vertreten durch den Gesch\u00e4ftsf\u00fchrer:Gesch\u00e4ftsf\u00fchrerReinhold Gehring Handelsregister: HRB 720766Registergericht: Amtsgericht Ulm Kontakt Telefon: +49 7392 93 86 90-10Telefax: +49 7392 93 86 90-29E-Mail: office@sixxon.eu Umsatzsteuer-ID Umsatzsteuer-Identifikationsnummer gem\u00e4\u00df \u00a727 a Umsatzsteuergesetz:DE814808051 D-U-N-S-No.: 55-143-6053 Streitschlichtung Die Europ\u00e4ische Kommission stellt eine Plattform zur Online-Streitbeilegung (OS) bereit: https:\/\/ec.europa.eu\/consumers\/odr.Unsere E-Mail-Adresse &hellip; <\/p>\n<p class=\"link-more\"><a href=\"https:\/\/www.sixxon.eu\/en\/impressum\/\" class=\"more-link\">Continue reading<span class=\"screen-reader-text\"> &#8222;Impressum&#8220;<\/span><\/a><\/p>","protected":false},"author":1,"featured_media":0,"parent":0,"menu_order":6,"comment_status":"closed","ping_status":"closed","template":"","meta":{"_crdt_document":"","advgb_blocks_editor_width":"","advgb_blocks_columns_visual_guide":"","footnotes":"","_links_to":"","_links_to_target":""},"class_list":["post-215","page","type-page","status-publish","hentry","entry"],"coauthors":[],"author_meta":{"author_link":"https:\/\/www.sixxon.eu\/en\/author\/kbu_admin\/","display_name":"kbu_admin"},"relative_dates":{"created":"Posted 7 years ago","modified":"Updated 1 year ago"},"absolute_dates":{"created":"Posted on 30. April 2019","modified":"Updated on 25. February 2025"},"absolute_dates_time":{"created":"Posted on 30. April 2019 12:43","modified":"Updated on 25. February 2025 8:38"},"featured_img_caption":"","featured_img":false,"series_order":"","_links":{"self":[{"href":"https:\/\/www.sixxon.eu\/en\/wp-json\/wp\/v2\/pages\/215","targetHints":{"allow":["GET"]}}],"collection":[{"href":"https:\/\/www.sixxon.eu\/en\/wp-json\/wp\/v2\/pages"}],"about":[{"href":"https:\/\/www.sixxon.eu\/en\/wp-json\/wp\/v2\/types\/page"}],"author":[{"embeddable":true,"href":"https:\/\/www.sixxon.eu\/en\/wp-json\/wp\/v2\/users\/1"}],"replies":[{"embeddable":true,"href":"https:\/\/www.sixxon.eu\/en\/wp-json\/wp\/v2\/comments?post=215"}],"version-history":[{"count":4,"href":"https:\/\/www.sixxon.eu\/en\/wp-json\/wp\/v2\/pages\/215\/revisions"}],"predecessor-version":[{"id":535,"href":"https:\/\/www.sixxon.eu\/en\/wp-json\/wp\/v2\/pages\/215\/revisions\/535"}],"wp:attachment":[{"href":"https:\/\/www.sixxon.eu\/en\/wp-json\/wp\/v2\/media?parent=215"}],"curies":[{"name":"wp","href":"https:\/\/api.w.org\/{rel}","templated":true}]}}