{"id":381,"date":"2021-11-03T17:14:28","date_gmt":"2021-11-03T16:14:28","guid":{"rendered":"http:\/\/www.sixxon.eu\/?page_id=381"},"modified":"2022-06-01T15:52:20","modified_gmt":"2022-06-01T13:52:20","slug":"home-neu","status":"publish","type":"page","link":"https:\/\/www.sixxon.eu\/en\/","title":{"rendered":"Home"},"content":{"rendered":"\n<script src=\"https:\/\/kbu.de\/cdn\/slider\/slider.js\"><\/script>\n<div id=\"title-slider\" class=\"wp-block-spacer sliderSpacer alignfull\"><\/div>\n<script>\nKBU_Slider(\"title-slider\",{\"dauer\":\"3000\"},[\n{\"src\":\"https:\/\/www.sixxon.eu\/wp-content\/uploads\/2019\/04\/teile_2.jpg\",\"size\":\"cover\",\"position\":\"center center\"},\n]);\n<!--addContent(1,'<div class=\"slogan\">Abdichtungen vom Spezialisten<br><small>\u2013 seit 1968<\/small><\/div>');-->\n<\/script>\n\n\n\n<div style=\"height:70px\" aria-hidden=\"true\" class=\"wp-block-spacer\"><\/div>\n\n\n\n<div class=\"wp-block-columns has-2-columns is-layout-flex wp-container-core-columns-is-layout-8f761849 wp-block-columns-is-layout-flex\">\n<div class=\"wp-block-column is-layout-flow wp-block-column-is-layout-flow\">\n<div class=\"hexagon new\" id=\"hexLeft\">NEWS<\/div>\n\n\n\n<figure class=\"wp-block-image size-full fullWidth\"><a class=\"wplightbox\" href=\"https:\/\/www.sixxon.eu\/wp-content\/uploads\/2021\/11\/neue_halle.jpg\"><img loading=\"lazy\" decoding=\"async\" width=\"1024\" height=\"576\" src=\"https:\/\/www.sixxon.eu\/wp-content\/uploads\/2021\/11\/neue_halle.jpg\" alt=\"\" class=\"wp-image-384\" srcset=\"https:\/\/www.sixxon.eu\/wp-content\/uploads\/2021\/11\/neue_halle.jpg 1024w, https:\/\/www.sixxon.eu\/wp-content\/uploads\/2021\/11\/neue_halle-300x169.jpg 300w, https:\/\/www.sixxon.eu\/wp-content\/uploads\/2021\/11\/neue_halle-768x432.jpg 768w, https:\/\/www.sixxon.eu\/wp-content\/uploads\/2021\/11\/neue_halle-18x10.jpg 18w\" sizes=\"auto, (max-width: 1024px) 100vw, 1024px\" \/><\/a><\/figure>\n<\/div>\n\n\n\n<div class=\"wp-block-column is-layout-flow wp-block-column-is-layout-flow\">\n<h2 class=\"wp-block-heading\">Neubauprojekt Lagerhalle fertiggestellt! <\/h2>\n\n\n\n<p class=\"wp-block-paragraph\">Unseren Kunden stehen nun rund 1000 moderne Lagerstellpl\u00e4tze zur Verf\u00fcgung.<\/p>\n\n\n\n<ul class=\"arrowed-list wp-block-list\"><li><a href=\"https:\/\/www.sixxon.eu\/ueber-uns\/#neubau\">mehr<\/a><\/li><\/ul>\n\n\n\n<p class=\"wp-block-paragraph\"><\/p>\n<\/div>\n<\/div>\n\n\n\n<div class=\"wp-block-columns has-2-columns is-layout-flex wp-container-core-columns-is-layout-8f761849 wp-block-columns-is-layout-flex\">\n<div class=\"wp-block-column is-layout-flow wp-block-column-is-layout-flow\">\n<figure class=\"wp-block-image size-full fullWidth\"><a class=\"wplightbox\" href=\"https:\/\/www.sixxon.eu\/wp-content\/uploads\/2021\/12\/Sixxon_3_9-3.png\"><img loading=\"lazy\" decoding=\"async\" width=\"1024\" height=\"576\" src=\"https:\/\/www.sixxon.eu\/wp-content\/uploads\/2021\/12\/Sixxon_3_9-3.png\" alt=\"\" class=\"wp-image-450\" srcset=\"https:\/\/www.sixxon.eu\/wp-content\/uploads\/2021\/12\/Sixxon_3_9-3.png 1024w, https:\/\/www.sixxon.eu\/wp-content\/uploads\/2021\/12\/Sixxon_3_9-3-300x169.png 300w, https:\/\/www.sixxon.eu\/wp-content\/uploads\/2021\/12\/Sixxon_3_9-3-768x432.png 768w, https:\/\/www.sixxon.eu\/wp-content\/uploads\/2021\/12\/Sixxon_3_9-3-18x10.png 18w\" sizes=\"auto, (max-width: 1024px) 100vw, 1024px\" \/><\/a><\/figure>\n<\/div>\n\n\n\n<div class=\"wp-block-column is-layout-flow wp-block-column-is-layout-flow\">\n<h2 class=\"wp-block-heading\">\u00dcber uns<\/h2>\n\n\n\n<p class=\"wp-block-paragraph\">Wir importieren hochwertige Metallteile f\u00fcr die Industrie und halten sie in unserem Lager f\u00fcr die Produktion bereit.<\/p>\n\n\n\n<ul class=\"arrowed-list wp-block-list\"><li><a href=\"https:\/\/www.sixxon.eu\/ueber-uns\/\">mehr<\/a><\/li><\/ul>\n<\/div>\n<\/div>\n\n\n\n<div class=\"wp-block-columns has-2-columns is-layout-flex wp-container-core-columns-is-layout-8f761849 wp-block-columns-is-layout-flex\">\n<div class=\"wp-block-column is-layout-flow wp-block-column-is-layout-flow\">\n<figure class=\"wp-block-image fullWidth\"><a class=\"wplightbox\" href=\"https:\/\/sixxon.kbu-wpserver.de\/wp-content\/uploads\/2019\/04\/lager_2.jpg\"><img loading=\"lazy\" decoding=\"async\" width=\"1024\" height=\"576\" src=\"https:\/\/sixxon.kbu-wpserver.de\/wp-content\/uploads\/2019\/04\/lager_2-1024x576.jpg\" alt=\"\" class=\"wp-image-28\" srcset=\"https:\/\/www.sixxon.eu\/wp-content\/uploads\/2019\/04\/lager_2-1024x576.jpg 1024w, https:\/\/www.sixxon.eu\/wp-content\/uploads\/2019\/04\/lager_2-300x169.jpg 300w, https:\/\/www.sixxon.eu\/wp-content\/uploads\/2019\/04\/lager_2-768x432.jpg 768w, https:\/\/www.sixxon.eu\/wp-content\/uploads\/2019\/04\/lager_2-1568x882.jpg 1568w, https:\/\/www.sixxon.eu\/wp-content\/uploads\/2019\/04\/lager_2.jpg 1920w\" sizes=\"auto, (max-width: 1024px) 100vw, 1024px\" \/><\/a><\/figure>\n<\/div>\n\n\n\n<div class=\"wp-block-column is-layout-flow wp-block-column-is-layout-flow\">\n<h2 class=\"wp-block-heading\">Dienstleistungen<\/h2>\n\n\n\n<p class=\"wp-block-paragraph\">Sixxon bietet Ihnen die M\u00f6glichkeit, Waren aus einem Nicht-EU-Staat in einem Zolllager zu lagern.<br>Dort k\u00f6nnen sie unbefristet verbleiben und sind bis zu ihrer Ausfuhr von Z\u00f6llen und Steuern befreit.<\/p>\n\n\n\n<ul class=\"arrowed-list wp-block-list\"><li><a href=\"https:\/\/www.sixxon.eu\/dienstleistungen\/#zolllager\">Zolllager<\/a><\/li><li><a href=\"https:\/\/www.sixxon.eu\/dienstleistungen\/#sicherheitslager\">Sicherheitslager<\/a><\/li><li><a href=\"https:\/\/www.sixxon.eu\/dienstleistungen\/#importabwicklung\">Importabwicklung<\/a><\/li><\/ul>\n<\/div>\n<\/div>\n\n\n\n<div class=\"wp-block-columns has-2-columns is-layout-flex wp-container-core-columns-is-layout-8f761849 wp-block-columns-is-layout-flex\">\n<div class=\"wp-block-column is-layout-flow wp-block-column-is-layout-flow\">\n<figure class=\"wp-block-image fullWidth\"><a class=\"wplightbox\" href=\"https:\/\/sixxon.kbu-wpserver.de\/wp-content\/uploads\/2019\/04\/auto_innenraum.jpg\"><img loading=\"lazy\" decoding=\"async\" width=\"849\" height=\"566\" src=\"https:\/\/sixxon.kbu-wpserver.de\/wp-content\/uploads\/2019\/04\/auto_innenraum.jpg\" alt=\"\" class=\"wp-image-26\" srcset=\"https:\/\/www.sixxon.eu\/wp-content\/uploads\/2019\/04\/auto_innenraum.jpg 849w, https:\/\/www.sixxon.eu\/wp-content\/uploads\/2019\/04\/auto_innenraum-300x200.jpg 300w, https:\/\/www.sixxon.eu\/wp-content\/uploads\/2019\/04\/auto_innenraum-768x512.jpg 768w\" sizes=\"auto, (max-width: 849px) 100vw, 849px\" \/><\/a><\/figure>\n\n\n\n<p class=\"wp-block-paragraph\"><\/p>\n<\/div>\n\n\n\n<div class=\"wp-block-column is-layout-flow wp-block-column-is-layout-flow\">\n<h2 class=\"wp-block-heading\">Kunden<\/h2>\n\n\n\n<p class=\"wp-block-paragraph\">Wir haben uns zum Ziel gemacht, unseren Kunden einen kosteng\u00fcnstigen\nund transparenten Service zu bieten.<\/p>\n\n\n\n<ul class=\"arrowed-list wp-block-list\"><li><a href=\"https:\/\/www.sixxon.eu\/kunden\/\">mehr<\/a><\/li><\/ul>\n<\/div>\n<\/div>\n\n\n\n<div class=\"wp-block-columns has-2-columns is-layout-flex wp-container-core-columns-is-layout-8f761849 wp-block-columns-is-layout-flex\">\n<div class=\"wp-block-column is-layout-flow wp-block-column-is-layout-flow\">\n<figure class=\"wp-block-image fullWidth\"><a class=\"wplightbox\" href=\"https:\/\/sixxon.kbu-wpserver.de\/wp-content\/uploads\/2019\/04\/teile_1.jpg\"><img loading=\"lazy\" decoding=\"async\" width=\"1024\" height=\"682\" src=\"https:\/\/sixxon.kbu-wpserver.de\/wp-content\/uploads\/2019\/04\/teile_1-1024x682.jpg\" alt=\"\" class=\"wp-image-122\" srcset=\"https:\/\/www.sixxon.eu\/wp-content\/uploads\/2019\/04\/teile_1-1024x682.jpg 1024w, https:\/\/www.sixxon.eu\/wp-content\/uploads\/2019\/04\/teile_1-300x200.jpg 300w, https:\/\/www.sixxon.eu\/wp-content\/uploads\/2019\/04\/teile_1-768x512.jpg 768w, https:\/\/www.sixxon.eu\/wp-content\/uploads\/2019\/04\/teile_1-1568x1045.jpg 1568w, https:\/\/www.sixxon.eu\/wp-content\/uploads\/2019\/04\/teile_1.jpg 2000w\" sizes=\"auto, (max-width: 1024px) 100vw, 1024px\" \/><\/a><\/figure>\n<\/div>\n\n\n\n<div class=\"wp-block-column is-layout-flow wp-block-column-is-layout-flow\">\n<h2 class=\"wp-block-heading\">Teile<\/h2>\n\n\n\n<p class=\"wp-block-paragraph\">Als Importeur von Waren aus dem Gro\u00dfraum Asien beziehen wir derzeit haupts\u00e4chlich Metallteile f\u00fcr die Automobilindustrie.<\/p>\n\n\n\n<ul class=\"arrowed-list wp-block-list\"><li> <a href=\"https:\/\/www.sixxon.eu\/teile\/\">mehr<\/a><\/li><\/ul>\n<\/div>\n<\/div>\n","protected":false},"excerpt":{"rendered":"<p>NEWS Neubauprojekt Lagerhalle fertiggestellt! Unseren Kunden stehen nun rund 1000 moderne Lagerstellpl\u00e4tze zur Verf\u00fcgung. mehr \u00dcber uns Wir importieren hochwertige Metallteile f\u00fcr die Industrie und halten sie in unserem Lager f\u00fcr die Produktion bereit. mehr Dienstleistungen Sixxon bietet Ihnen die M\u00f6glichkeit, Waren aus einem Nicht-EU-Staat in einem Zolllager zu lagern.Dort k\u00f6nnen sie unbefristet verbleiben und &hellip; <\/p>\n<p class=\"link-more\"><a href=\"https:\/\/www.sixxon.eu\/en\/\" class=\"more-link\">Continue reading<span class=\"screen-reader-text\"> &#8222;Home&#8220;<\/span><\/a><\/p>","protected":false},"author":1,"featured_media":0,"parent":0,"menu_order":0,"comment_status":"closed","ping_status":"closed","template":"","meta":{"_crdt_document":"","advgb_blocks_editor_width":"","advgb_blocks_columns_visual_guide":"","footnotes":"","_links_to":"","_links_to_target":""},"class_list":["post-381","page","type-page","status-publish","hentry","entry"],"coauthors":[],"author_meta":{"author_link":"https:\/\/www.sixxon.eu\/en\/author\/kbu_admin\/","display_name":"kbu_admin"},"relative_dates":{"created":"Posted 5 years ago","modified":"Updated 4 years ago"},"absolute_dates":{"created":"Posted on 3. November 2021","modified":"Updated on 1. June 2022"},"absolute_dates_time":{"created":"Posted on 3. November 2021 17:14","modified":"Updated on 1. June 2022 15:52"},"featured_img_caption":"","featured_img":false,"series_order":"","_links":{"self":[{"href":"https:\/\/www.sixxon.eu\/en\/wp-json\/wp\/v2\/pages\/381","targetHints":{"allow":["GET"]}}],"collection":[{"href":"https:\/\/www.sixxon.eu\/en\/wp-json\/wp\/v2\/pages"}],"about":[{"href":"https:\/\/www.sixxon.eu\/en\/wp-json\/wp\/v2\/types\/page"}],"author":[{"embeddable":true,"href":"https:\/\/www.sixxon.eu\/en\/wp-json\/wp\/v2\/users\/1"}],"replies":[{"embeddable":true,"href":"https:\/\/www.sixxon.eu\/en\/wp-json\/wp\/v2\/comments?post=381"}],"version-history":[{"count":10,"href":"https:\/\/www.sixxon.eu\/en\/wp-json\/wp\/v2\/pages\/381\/revisions"}],"predecessor-version":[{"id":478,"href":"https:\/\/www.sixxon.eu\/en\/wp-json\/wp\/v2\/pages\/381\/revisions\/478"}],"wp:attachment":[{"href":"https:\/\/www.sixxon.eu\/en\/wp-json\/wp\/v2\/media?parent=381"}],"curies":[{"name":"wp","href":"https:\/\/api.w.org\/{rel}","templated":true}]}}