{"id":391,"date":"2021-12-07T16:57:27","date_gmt":"2021-12-07T15:57:27","guid":{"rendered":"http:\/\/www.sixxon.eu\/?page_id=391"},"modified":"2024-11-20T02:44:13","modified_gmt":"2024-11-20T01:44:13","slug":"dienstleistungen","status":"publish","type":"page","link":"https:\/\/www.sixxon.eu\/en\/dienstleistungen\/","title":{"rendered":"Services"},"content":{"rendered":"<div class=\"wp-block-columns has-2-columns is-layout-flex wp-container-core-columns-is-layout-8f761849 wp-block-columns-is-layout-flex\">\n<div class=\"wp-block-column is-layout-flow wp-block-column-is-layout-flow\">\n<p class=\"wp-block-paragraph\">Sixxon provides its customers with a bonded warehouse and safety stock warehouse occupying a total area of 1,650 m\u00b2.<\/p>\n<\/div>\n\n\n\n<div class=\"wp-block-column is-layout-flow wp-block-column-is-layout-flow\"><\/div>\n<\/div>\n\n\n\n<div class=\"wp-block-columns has-2-columns is-layout-flex wp-container-core-columns-is-layout-8f761849 wp-block-columns-is-layout-flex\">\n<div class=\"wp-block-column is-layout-flow wp-block-column-is-layout-flow\">\n<p class=\"wp-block-paragraph\">With the \u201cAEOC\u201d certificate for customs simplification, we as an \u201cAuthorized Economic Operator\u201d put the associated advantages at the service of our customers. As an excellent logistics company, we are a guarantee of security, creditworthiness, data protection and quality.<\/p>\n\n\n\n<ul class=\"wp-block-list arrowed-list\">\n<li><a href=\"https:\/\/www.sixxon.eu\/wp-content\/uploads\/2024\/03\/42198ms_de.pdf\" data-type=\"URL\" data-id=\"https:\/\/www.sixxon.eu\/wp-content\/uploads\/2020\/12\/iso9001-2015_de.jpg\" target=\"_blank\" rel=\"noreferrer noopener\">ISO 9001 certificate - German<\/a><\/li>\n\n\n\n<li><a href=\"https:\/\/www.sixxon.eu\/wp-content\/uploads\/2024\/03\/42198ms_en.pdf\" data-type=\"link\" data-id=\"https:\/\/www.sixxon.eu\/wp-content\/uploads\/2024\/03\/42198ms_en.pdf\" target=\"_blank\" rel=\"noreferrer noopener\">ISO 9001 certificate - English<\/a><\/li>\n<\/ul>\n\n\n\n<h3 class=\"wp-block-heading\" id=\"zolllager\">Bonded warehouse<\/h3>\n\n\n\n<p class=\"wp-block-paragraph\">As part of our bonded warehouse service, we offer the following:<\/p>\n\n\n\n<ul class=\"wp-block-list\">\n<li>Storage of your duty-unpaid goods in our bonded warehouse<\/li>\n\n\n\n<li>Inventory management of your duty-unpaid parts<\/li>\n\n\n\n<li>Picking, counting and packing in compliance with call-off orders\/delivery schedules<\/li>\n\n\n\n<li>Customs clearance of your goods<\/li>\n\n\n\n<li>Collection and delivery of your duty-paid parts to your customers in accordance with delivery schedules<\/li>\n<\/ul>\n<\/div>\n\n\n\n<div class=\"wp-block-column is-layout-flow wp-block-column-is-layout-flow\">\n<figure class=\"wp-block-image size-full is-resized tuev imgDe\"><img loading=\"lazy\" decoding=\"async\" width=\"600\" height=\"299\" src=\"https:\/\/www.sixxon.eu\/wp-content\/uploads\/2024\/11\/ISO_9001_farbe_de.gif\" alt=\"ISO 9001\" class=\"wp-image-526\" style=\"width:300px\"\/><\/figure>\n\n\n\n<figure class=\"wp-block-image size-full is-resized tuev imgEn\"><img loading=\"lazy\" decoding=\"async\" width=\"600\" height=\"299\" src=\"https:\/\/www.sixxon.eu\/wp-content\/uploads\/2024\/11\/ISO_9001_colour_en.gif\" alt=\"\" class=\"wp-image-527\" style=\"width:300px\"\/><\/figure>\n\n\n\n<figure class=\"wp-block-image size-full is-resized\"><img loading=\"lazy\" decoding=\"async\" width=\"760\" height=\"577\" src=\"https:\/\/www.sixxon.eu\/wp-content\/uploads\/2021\/12\/Plan-de-travail-1.png\" alt=\"AEO-Siegel\" class=\"wp-image-440\" style=\"width:190px;height:144px\" srcset=\"https:\/\/www.sixxon.eu\/wp-content\/uploads\/2021\/12\/Plan-de-travail-1.png 760w, https:\/\/www.sixxon.eu\/wp-content\/uploads\/2021\/12\/Plan-de-travail-1-300x228.png 300w, https:\/\/www.sixxon.eu\/wp-content\/uploads\/2021\/12\/Plan-de-travail-1-16x12.png 16w\" sizes=\"auto, (max-width: 760px) 100vw, 760px\" \/><\/figure>\n<\/div>\n<\/div>\n\n\n\n<div class=\"wp-block-columns has-2-columns is-layout-flex wp-container-core-columns-is-layout-8f761849 wp-block-columns-is-layout-flex\">\n<div class=\"wp-block-column blue-column is-layout-flow wp-block-column-is-layout-flow\">\n<div class=\"wp-block-group\"><div class=\"wp-block-group__inner-container is-layout-flow wp-block-group-is-layout-flow\">\n<p class=\"wp-block-paragraph\"><strong>Advantages of a bonded warehouse<\/strong><\/p>\n\n\n\n<ul class=\"wp-block-list\">\n<li><strong>Reduction in duties and fees<\/strong><br>Within our modern-day customs system, bonded warehouse processes under EU customs law fulfil an important role: they enable imported goods to be stored without the payment of import duties.<\/li>\n\n\n\n<li><strong>Financing and cash-flow effects<\/strong><br>When you take advantage of a bonded warehouse procedure, import duties typically only become payable at the point when the goods are removed from the warehouse:\n<ul class=\"wp-block-list\">\n<li>By postponing the payment of import duties until the point when goods are removed from the warehouse and released into free circulation, you benefit from a financing effect.<\/li>\n\n\n\n<li>You also enjoy a cash-flow advantage, because the money remains available for your organisation to use during the interim period.<\/li>\n<\/ul>\n<\/li>\n<\/ul>\n<\/div><\/div>\n<\/div>\n\n\n\n<div class=\"wp-block-column hexColumn is-layout-flow wp-block-column-is-layout-flow\">\n\n\n<figure class=\"wp-block-image fullWidth\"><a class=\"wplightbox\" href=\"https:\/\/www.sixxon.eu\/wp-content\/uploads\/2019\/04\/lagerservice_1.jpg\"><img loading=\"lazy\" decoding=\"async\" width=\"1024\" height=\"576\" src=\"https:\/\/sixxon.kbu-wpserver.de\/wp-content\/uploads\/2019\/04\/lagerservice_1-1024x576.jpg\" alt=\"\" class=\"wp-image-73\" srcset=\"https:\/\/www.sixxon.eu\/wp-content\/uploads\/2019\/04\/lagerservice_1-1024x576.jpg 1024w, https:\/\/www.sixxon.eu\/wp-content\/uploads\/2019\/04\/lagerservice_1-300x169.jpg 300w, https:\/\/www.sixxon.eu\/wp-content\/uploads\/2019\/04\/lagerservice_1-768x432.jpg 768w, https:\/\/www.sixxon.eu\/wp-content\/uploads\/2019\/04\/lagerservice_1-1568x882.jpg 1568w, https:\/\/www.sixxon.eu\/wp-content\/uploads\/2019\/04\/lagerservice_1.jpg 1920w\" sizes=\"auto, (max-width: 1024px) 100vw, 1024px\" \/><\/a><\/figure>\n<\/div>\n<\/div>\n\n\n\n<h3 class=\"wp-block-heading\" id=\"sicherheitslager\">Safety stock warehouse<\/h3>\n\n\n\n<div class=\"wp-block-columns has-2-columns is-layout-flex wp-container-core-columns-is-layout-8f761849 wp-block-columns-is-layout-flex\">\n<div class=\"wp-block-column is-layout-flow wp-block-column-is-layout-flow\">\n<div class=\"wp-block-group\"><div class=\"wp-block-group__inner-container is-layout-flow wp-block-group-is-layout-flow\">\n<p class=\"wp-block-paragraph\">In addition to our bonded warehouse, we offer the following services from our safety stock warehouse:<\/p>\n\n\n\n<ul class=\"wp-block-list\">\n<li>Safety stocks of 1 to 2 months\u2019 worth of parts <\/li>\n\n\n\n<li>Repacking of your parts in customer-specific packaging<\/li>\n\n\n\n<li>Daily deliveries <\/li>\n\n\n\n<li>Rust monitoring and rust protection<\/li>\n\n\n\n<li>Quality inspections by agreement<\/li>\n\n\n\n<li>Interface for customer-specific issues such as complaints, air freight, packaging specifications, etc.<\/li>\n<\/ul>\n<\/div><\/div>\n<\/div>\n\n\n\n<div class=\"wp-block-column blue-column is-layout-flow wp-block-column-is-layout-flow\">\n<p class=\"wp-block-paragraph\"><strong>Your advantages<\/strong><\/p>\n\n\n\n<ul class=\"wp-block-list\">\n<li>Reduced need for storage capacity at your premises<\/li>\n\n\n\n<li>\u201cJust-in-time\u201d delivery to your customers<\/li>\n\n\n\n<li>We take care of all formalities<\/li>\n\n\n\n<li>Cost savings through large import quantities  <\/li>\n<\/ul>\n<\/div>\n<\/div>\n\n\n\n<div class=\"wp-block-columns has-2-columns is-layout-flex wp-container-core-columns-is-layout-8f761849 wp-block-columns-is-layout-flex\">\n<div class=\"wp-block-column is-layout-flow wp-block-column-is-layout-flow\">\n<figure class=\"wp-block-image fullWidth\"><a class=\"wplightbox\" href=\"https:\/\/www.sixxon.eu\/wp-content\/uploads\/2019\/04\/lagerservice_2.jpg\"><img loading=\"lazy\" decoding=\"async\" width=\"1024\" height=\"576\" src=\"https:\/\/sixxon.kbu-wpserver.de\/wp-content\/uploads\/2019\/04\/lagerservice_2-1024x576.jpg\" alt=\"\" class=\"wp-image-75\" srcset=\"https:\/\/www.sixxon.eu\/wp-content\/uploads\/2019\/04\/lagerservice_2-1024x576.jpg 1024w, https:\/\/www.sixxon.eu\/wp-content\/uploads\/2019\/04\/lagerservice_2-300x169.jpg 300w, https:\/\/www.sixxon.eu\/wp-content\/uploads\/2019\/04\/lagerservice_2-768x432.jpg 768w, https:\/\/www.sixxon.eu\/wp-content\/uploads\/2019\/04\/lagerservice_2-1568x882.jpg 1568w, https:\/\/www.sixxon.eu\/wp-content\/uploads\/2019\/04\/lagerservice_2.jpg 1920w\" sizes=\"auto, (max-width: 1024px) 100vw, 1024px\" \/><\/a><\/figure>\n<\/div>\n\n\n\n<div class=\"wp-block-column is-layout-flow wp-block-column-is-layout-flow\">\n<figure class=\"wp-block-image fullWidth\"><a class=\"wplightbox\" href=\"https:\/\/www.sixxon.eu\/wp-content\/uploads\/2019\/04\/lagerservice_3.jpg\"><img loading=\"lazy\" decoding=\"async\" width=\"1024\" height=\"576\" src=\"https:\/\/sixxon.kbu-wpserver.de\/wp-content\/uploads\/2019\/04\/lagerservice_3-1024x576.jpg\" alt=\"\" class=\"wp-image-74\" srcset=\"https:\/\/www.sixxon.eu\/wp-content\/uploads\/2019\/04\/lagerservice_3-1024x576.jpg 1024w, https:\/\/www.sixxon.eu\/wp-content\/uploads\/2019\/04\/lagerservice_3-300x169.jpg 300w, https:\/\/www.sixxon.eu\/wp-content\/uploads\/2019\/04\/lagerservice_3-768x432.jpg 768w, https:\/\/www.sixxon.eu\/wp-content\/uploads\/2019\/04\/lagerservice_3-1568x882.jpg 1568w, https:\/\/www.sixxon.eu\/wp-content\/uploads\/2019\/04\/lagerservice_3.jpg 1920w\" sizes=\"auto, (max-width: 1024px) 100vw, 1024px\" \/><\/a><\/figure>\n<\/div>\n<\/div>\n\n\n\n<h3 class=\"wp-block-heading\">Complaint processing and quality inspection<\/h3>\n\n\n\n<div class=\"wp-block-columns is-layout-flex wp-container-core-columns-is-layout-8f761849 wp-block-columns-is-layout-flex\">\n<div class=\"wp-block-column is-layout-flow wp-block-column-is-layout-flow\">\n<p class=\"wp-block-paragraph\">In close cooperation with the local quality inspection company QP-GmbH, we take over the processing of complaints and quality inspection for our customers. A concept that we have been successfully pursuing for years.<\/p>\n\n\n\n<p class=\"wp-block-paragraph\">We act according to the specifications of suppliers and customers in order to achieve the optimal, fastest possible effect and to ensure an uninterrupted flow of goods.<\/p>\n<\/div>\n\n\n\n<div class=\"wp-block-column is-layout-flow wp-block-column-is-layout-flow\">\n<figure class=\"wp-block-image size-full is-resized\"><img loading=\"lazy\" decoding=\"async\" width=\"767\" height=\"413\" src=\"https:\/\/www.sixxon.eu\/wp-content\/uploads\/2021\/12\/QP_01.jpg\" alt=\"\" class=\"wp-image-442\" style=\"width:384px;height:207px\" srcset=\"https:\/\/www.sixxon.eu\/wp-content\/uploads\/2021\/12\/QP_01.jpg 767w, https:\/\/www.sixxon.eu\/wp-content\/uploads\/2021\/12\/QP_01-300x162.jpg 300w, https:\/\/www.sixxon.eu\/wp-content\/uploads\/2021\/12\/QP_01-18x10.jpg 18w\" sizes=\"auto, (max-width: 767px) 100vw, 767px\" \/><\/figure>\n<\/div>\n<\/div>\n\n\n\n<h3 class=\"wp-block-heading\" id=\"importabwicklung\"> Processing of import transactions <\/h3>\n\n\n\n<p class=\"wp-block-paragraph\">We take over the import procedure of your regularly imports after clarifying all details. <\/p>\n\n\n\n<h3 class=\"wp-block-heading\"> Our supply chain <\/h3>\n\n\n\n<div class=\"wp-block-group alignfull blue-row\"><div class=\"wp-block-group__inner-container is-layout-flow wp-block-group-is-layout-flow\">\n<div class=\"wp-block-group contentWidth\"><div class=\"wp-block-group__inner-container is-layout-flow wp-block-group-is-layout-flow\">\n<figure class=\"wp-block-image alignwide fullWidth imgDe\"><img loading=\"lazy\" decoding=\"async\" width=\"2000\" height=\"549\" src=\"https:\/\/www.sixxon.eu\/wp-content\/uploads\/2019\/04\/unsere_lieferkette.png\" alt=\"\" class=\"wp-image-181\" srcset=\"https:\/\/www.sixxon.eu\/wp-content\/uploads\/2019\/04\/unsere_lieferkette.png 2000w, https:\/\/www.sixxon.eu\/wp-content\/uploads\/2019\/04\/unsere_lieferkette-300x82.png 300w, https:\/\/www.sixxon.eu\/wp-content\/uploads\/2019\/04\/unsere_lieferkette-768x211.png 768w, https:\/\/www.sixxon.eu\/wp-content\/uploads\/2019\/04\/unsere_lieferkette-1024x281.png 1024w, https:\/\/www.sixxon.eu\/wp-content\/uploads\/2019\/04\/unsere_lieferkette-1568x430.png 1568w\" sizes=\"auto, (max-width: 2000px) 100vw, 2000px\" \/><\/figure>\n\n\n\n<figure class=\"wp-block-image alignwide fullWidth imgEn\"><img loading=\"lazy\" decoding=\"async\" width=\"2000\" height=\"555\" src=\"https:\/\/www.sixxon.eu\/wp-content\/uploads\/2019\/05\/unsere-lieferkette-en.png\" alt=\"\" class=\"wp-image-244\" srcset=\"https:\/\/www.sixxon.eu\/wp-content\/uploads\/2019\/05\/unsere-lieferkette-en.png 2000w, https:\/\/www.sixxon.eu\/wp-content\/uploads\/2019\/05\/unsere-lieferkette-en-300x83.png 300w, https:\/\/www.sixxon.eu\/wp-content\/uploads\/2019\/05\/unsere-lieferkette-en-768x213.png 768w, https:\/\/www.sixxon.eu\/wp-content\/uploads\/2019\/05\/unsere-lieferkette-en-1024x284.png 1024w, https:\/\/www.sixxon.eu\/wp-content\/uploads\/2019\/05\/unsere-lieferkette-en-1568x435.png 1568w\" sizes=\"auto, (max-width: 2000px) 100vw, 2000px\" \/><\/figure>\n\n\n\n<p class=\"wp-block-paragraph\"><\/p>\n<\/div><\/div>\n<\/div><\/div>\n\n\n\n<h3 class=\"wp-block-heading\">Areas of responsibility covered by Sixxon<\/h3>\n\n\n\n<h4 class=\"wp-block-heading\">Bonded warehouse<\/h4>\n\n\n\n<figure class=\"wp-block-image alignwide fullWidth imgBig imgDe\"><a class=\"wplightbox\" href=\"https:\/\/www.sixxon.eu\/wp-content\/uploads\/2024\/04\/zolllager.webp\"><img loading=\"lazy\" decoding=\"async\" width=\"1921\" height=\"501\" src=\"https:\/\/www.sixxon.eu\/wp-content\/uploads\/2024\/04\/zolllager.webp\" alt=\"\" class=\"wp-image-188\" srcset=\"https:\/\/www.sixxon.eu\/wp-content\/uploads\/2024\/04\/zolllager.webp 1921w, https:\/\/www.sixxon.eu\/wp-content\/uploads\/2024\/04\/zolllager-300x78.webp 300w, https:\/\/www.sixxon.eu\/wp-content\/uploads\/2024\/04\/zolllager-1024x267.webp 1024w, https:\/\/www.sixxon.eu\/wp-content\/uploads\/2024\/04\/zolllager-768x200.webp 768w, https:\/\/www.sixxon.eu\/wp-content\/uploads\/2024\/04\/zolllager-1536x401.webp 1536w, https:\/\/www.sixxon.eu\/wp-content\/uploads\/2024\/04\/zolllager-18x5.webp 18w, https:\/\/www.sixxon.eu\/wp-content\/uploads\/2024\/04\/zolllager-1568x409.webp 1568w\" sizes=\"auto, (max-width: 1921px) 100vw, 1921px\" \/><\/a><\/figure>\n\n\n\n<figure class=\"wp-block-image alignwide fullWidth imgBig imgEn\"><a class=\"wplightbox\" href=\"https:\/\/www.sixxon.eu\/wp-content\/uploads\/2024\/04\/zolllager-en.webp\"><img loading=\"lazy\" decoding=\"async\" width=\"1921\" height=\"501\" src=\"https:\/\/www.sixxon.eu\/wp-content\/uploads\/2024\/04\/zolllager-en.webp\" alt=\"\" class=\"wp-image-240\" srcset=\"https:\/\/www.sixxon.eu\/wp-content\/uploads\/2024\/04\/zolllager-en.webp 1921w, https:\/\/www.sixxon.eu\/wp-content\/uploads\/2024\/04\/zolllager-en-300x78.webp 300w, https:\/\/www.sixxon.eu\/wp-content\/uploads\/2024\/04\/zolllager-en-768x200.webp 768w, https:\/\/www.sixxon.eu\/wp-content\/uploads\/2024\/04\/zolllager-en-1024x267.webp 1024w, https:\/\/www.sixxon.eu\/wp-content\/uploads\/2024\/04\/zolllager-en-1536x401.webp 1536w, https:\/\/www.sixxon.eu\/wp-content\/uploads\/2024\/04\/zolllager-en-18x5.webp 18w, https:\/\/www.sixxon.eu\/wp-content\/uploads\/2024\/04\/zolllager-en-1568x409.webp 1568w\" sizes=\"auto, (max-width: 1921px) 100vw, 1921px\" \/><\/a><\/figure>\n\n\n\n<figure class=\"wp-block-image fullWidth imgMobile imgDe\"><a class=\"wplightbox\" href=\"https:\/\/www.sixxon.eu\/wp-content\/uploads\/2024\/04\/zolllager-mobile.webp\"><img loading=\"lazy\" decoding=\"async\" width=\"641\" height=\"401\" src=\"https:\/\/www.sixxon.eu\/wp-content\/uploads\/2024\/04\/zolllager-mobile.webp\" alt=\"\" class=\"wp-image-234\" srcset=\"https:\/\/www.sixxon.eu\/wp-content\/uploads\/2024\/04\/zolllager-mobile.webp 641w, https:\/\/www.sixxon.eu\/wp-content\/uploads\/2024\/04\/zolllager-mobile-300x188.webp 300w, https:\/\/www.sixxon.eu\/wp-content\/uploads\/2024\/04\/zolllager-mobile-18x12.webp 18w\" sizes=\"auto, (max-width: 641px) 100vw, 641px\" \/><\/a><\/figure>\n\n\n\n<figure class=\"wp-block-image fullWidth imgMobile imgEn\"><a class=\"wplightbox\" href=\"https:\/\/www.sixxon.eu\/wp-content\/uploads\/2024\/04\/zolllager-mobile-en.webp\"><img loading=\"lazy\" decoding=\"async\" width=\"641\" height=\"401\" src=\"https:\/\/www.sixxon.eu\/wp-content\/uploads\/2024\/04\/zolllager-mobile-en.webp\" alt=\"\" class=\"wp-image-241\" srcset=\"https:\/\/www.sixxon.eu\/wp-content\/uploads\/2024\/04\/zolllager-mobile-en.webp 641w, https:\/\/www.sixxon.eu\/wp-content\/uploads\/2024\/04\/zolllager-mobile-en-300x188.webp 300w, https:\/\/www.sixxon.eu\/wp-content\/uploads\/2024\/04\/zolllager-mobile-en-18x12.webp 18w\" sizes=\"auto, (max-width: 641px) 100vw, 641px\" \/><\/a><\/figure>\n\n\n\n<h4 class=\"wp-block-heading\">Safety stock facility<\/h4>\n\n\n\n<figure class=\"wp-block-image alignwide fullWidth imgBig imgDe\"><a class=\"wplightbox\" href=\"https:\/\/www.sixxon.eu\/wp-content\/uploads\/2024\/04\/sicherheitslager.webp\"><img loading=\"lazy\" decoding=\"async\" width=\"1921\" height=\"401\" src=\"https:\/\/www.sixxon.eu\/wp-content\/uploads\/2024\/04\/sicherheitslager.webp\" alt=\"\" class=\"wp-image-313\" srcset=\"https:\/\/www.sixxon.eu\/wp-content\/uploads\/2024\/04\/sicherheitslager.webp 1921w, https:\/\/www.sixxon.eu\/wp-content\/uploads\/2024\/04\/sicherheitslager-300x63.webp 300w, https:\/\/www.sixxon.eu\/wp-content\/uploads\/2024\/04\/sicherheitslager-768x160.webp 768w, https:\/\/www.sixxon.eu\/wp-content\/uploads\/2024\/04\/sicherheitslager-1024x214.webp 1024w, https:\/\/www.sixxon.eu\/wp-content\/uploads\/2024\/04\/sicherheitslager-1536x321.webp 1536w, https:\/\/www.sixxon.eu\/wp-content\/uploads\/2024\/04\/sicherheitslager-18x4.webp 18w, https:\/\/www.sixxon.eu\/wp-content\/uploads\/2024\/04\/sicherheitslager-1568x327.webp 1568w\" sizes=\"auto, (max-width: 1921px) 100vw, 1921px\" \/><\/a><\/figure>\n\n\n\n<figure class=\"wp-block-image alignwide fullWidth imgBig imgEn\"><a class=\"wplightbox\" href=\"https:\/\/www.sixxon.eu\/wp-content\/uploads\/2024\/04\/sicherheitslager-en.webp\"><img loading=\"lazy\" decoding=\"async\" width=\"1921\" height=\"401\" src=\"https:\/\/www.sixxon.eu\/wp-content\/uploads\/2024\/04\/sicherheitslager-en.webp\" alt=\"\" class=\"wp-image-310\" srcset=\"https:\/\/www.sixxon.eu\/wp-content\/uploads\/2024\/04\/sicherheitslager-en.webp 1921w, https:\/\/www.sixxon.eu\/wp-content\/uploads\/2024\/04\/sicherheitslager-en-300x63.webp 300w, https:\/\/www.sixxon.eu\/wp-content\/uploads\/2024\/04\/sicherheitslager-en-768x160.webp 768w, https:\/\/www.sixxon.eu\/wp-content\/uploads\/2024\/04\/sicherheitslager-en-1024x214.webp 1024w, https:\/\/www.sixxon.eu\/wp-content\/uploads\/2024\/04\/sicherheitslager-en-1536x321.webp 1536w, https:\/\/www.sixxon.eu\/wp-content\/uploads\/2024\/04\/sicherheitslager-en-18x4.webp 18w, https:\/\/www.sixxon.eu\/wp-content\/uploads\/2024\/04\/sicherheitslager-en-1568x327.webp 1568w\" sizes=\"auto, (max-width: 1921px) 100vw, 1921px\" \/><\/a><\/figure>\n\n\n\n<figure class=\"wp-block-image fullWidth imgMobile imgDe\"><a class=\"wplightbox\" href=\"https:\/\/www.sixxon.eu\/wp-content\/uploads\/2024\/04\/sicherheitslager-mobile.webp\"><img loading=\"lazy\" decoding=\"async\" width=\"641\" height=\"382\" src=\"https:\/\/www.sixxon.eu\/wp-content\/uploads\/2024\/04\/sicherheitslager-mobile.webp\" alt=\"\" class=\"wp-image-311\" srcset=\"https:\/\/www.sixxon.eu\/wp-content\/uploads\/2024\/04\/sicherheitslager-mobile.webp 641w, https:\/\/www.sixxon.eu\/wp-content\/uploads\/2024\/04\/sicherheitslager-mobile-300x179.webp 300w, https:\/\/www.sixxon.eu\/wp-content\/uploads\/2024\/04\/sicherheitslager-mobile-18x12.webp 18w\" sizes=\"auto, (max-width: 641px) 100vw, 641px\" \/><\/a><\/figure>\n\n\n\n<figure class=\"wp-block-image fullWidth imgMobile imgEn\"><a class=\"wplightbox\" href=\"https:\/\/www.sixxon.eu\/wp-content\/uploads\/2024\/04\/sicherheitslager-mobile-en.webp\"><img loading=\"lazy\" decoding=\"async\" width=\"641\" height=\"382\" src=\"https:\/\/www.sixxon.eu\/wp-content\/uploads\/2024\/04\/sicherheitslager-mobile-en.webp\" alt=\"\" class=\"wp-image-312\" srcset=\"https:\/\/www.sixxon.eu\/wp-content\/uploads\/2024\/04\/sicherheitslager-mobile-en.webp 641w, https:\/\/www.sixxon.eu\/wp-content\/uploads\/2024\/04\/sicherheitslager-mobile-en-300x179.webp 300w, https:\/\/www.sixxon.eu\/wp-content\/uploads\/2024\/04\/sicherheitslager-mobile-en-18x12.webp 18w\" sizes=\"auto, (max-width: 641px) 100vw, 641px\" \/><\/a><\/figure>\n\n\n\n<h4 class=\"wp-block-heading\">Import and customs clearance without interim storage<\/h4>\n\n\n\n<figure class=\"wp-block-image alignwide fullWidth imgBig imgDe\"><a class=\"wplightbox\" href=\"https:\/\/www.sixxon.eu\/wp-content\/uploads\/2024\/04\/zwischenlager.webp\"><img loading=\"lazy\" decoding=\"async\" width=\"1921\" height=\"401\" src=\"https:\/\/www.sixxon.eu\/wp-content\/uploads\/2024\/04\/zwischenlager.webp\" alt=\"\" class=\"wp-image-191\" srcset=\"https:\/\/www.sixxon.eu\/wp-content\/uploads\/2024\/04\/zwischenlager.webp 1921w, https:\/\/www.sixxon.eu\/wp-content\/uploads\/2024\/04\/zwischenlager-300x63.webp 300w, https:\/\/www.sixxon.eu\/wp-content\/uploads\/2024\/04\/zwischenlager-768x160.webp 768w, https:\/\/www.sixxon.eu\/wp-content\/uploads\/2024\/04\/zwischenlager-1024x214.webp 1024w, https:\/\/www.sixxon.eu\/wp-content\/uploads\/2024\/04\/zwischenlager-1536x321.webp 1536w, https:\/\/www.sixxon.eu\/wp-content\/uploads\/2024\/04\/zwischenlager-18x4.webp 18w, https:\/\/www.sixxon.eu\/wp-content\/uploads\/2024\/04\/zwischenlager-1568x327.webp 1568w\" sizes=\"auto, (max-width: 1921px) 100vw, 1921px\" \/><\/a><\/figure>\n\n\n\n<figure class=\"wp-block-image alignwide fullWidth imgBig imgEn\"><a class=\"wplightbox\" href=\"https:\/\/www.sixxon.eu\/wp-content\/uploads\/2024\/04\/zwischenlager-en.webp\"><img loading=\"lazy\" decoding=\"async\" width=\"1921\" height=\"401\" src=\"https:\/\/www.sixxon.eu\/wp-content\/uploads\/2024\/04\/zwischenlager-en.webp\" alt=\"\" class=\"wp-image-242\" srcset=\"https:\/\/www.sixxon.eu\/wp-content\/uploads\/2024\/04\/zwischenlager-en.webp 1921w, https:\/\/www.sixxon.eu\/wp-content\/uploads\/2024\/04\/zwischenlager-en-300x63.webp 300w, https:\/\/www.sixxon.eu\/wp-content\/uploads\/2024\/04\/zwischenlager-en-768x160.webp 768w, https:\/\/www.sixxon.eu\/wp-content\/uploads\/2024\/04\/zwischenlager-en-1024x214.webp 1024w, https:\/\/www.sixxon.eu\/wp-content\/uploads\/2024\/04\/zwischenlager-en-1536x321.webp 1536w, https:\/\/www.sixxon.eu\/wp-content\/uploads\/2024\/04\/zwischenlager-en-18x4.webp 18w, https:\/\/www.sixxon.eu\/wp-content\/uploads\/2024\/04\/zwischenlager-en-1568x327.webp 1568w\" sizes=\"auto, (max-width: 1921px) 100vw, 1921px\" \/><\/a><\/figure>\n\n\n\n<figure class=\"wp-block-image fullWidth imgMobile imgDe\"><a class=\"wplightbox\" href=\"https:\/\/www.sixxon.eu\/wp-content\/uploads\/2024\/04\/zwischenlager-mobile.webp\"><img loading=\"lazy\" decoding=\"async\" width=\"641\" height=\"354\" src=\"https:\/\/www.sixxon.eu\/wp-content\/uploads\/2024\/04\/zwischenlager-mobile.webp\" alt=\"\" class=\"wp-image-232\" srcset=\"https:\/\/www.sixxon.eu\/wp-content\/uploads\/2024\/04\/zwischenlager-mobile.webp 641w, https:\/\/www.sixxon.eu\/wp-content\/uploads\/2024\/04\/zwischenlager-mobile-300x166.webp 300w, https:\/\/www.sixxon.eu\/wp-content\/uploads\/2024\/04\/zwischenlager-mobile-18x10.webp 18w\" sizes=\"auto, (max-width: 641px) 100vw, 641px\" \/><\/a><\/figure>\n\n\n\n<figure class=\"wp-block-image fullWidth imgMobile imgEn\"><a class=\"wplightbox\" href=\"https:\/\/www.sixxon.eu\/wp-content\/uploads\/2024\/04\/zwischenlager-mobile-en.webp\"><img loading=\"lazy\" decoding=\"async\" width=\"641\" height=\"354\" src=\"https:\/\/www.sixxon.eu\/wp-content\/uploads\/2024\/04\/zwischenlager-mobile-en.webp\" alt=\"\" class=\"wp-image-243\" srcset=\"https:\/\/www.sixxon.eu\/wp-content\/uploads\/2024\/04\/zwischenlager-mobile-en.webp 641w, https:\/\/www.sixxon.eu\/wp-content\/uploads\/2024\/04\/zwischenlager-mobile-en-300x166.webp 300w, https:\/\/www.sixxon.eu\/wp-content\/uploads\/2024\/04\/zwischenlager-mobile-en-18x10.webp 18w\" sizes=\"auto, (max-width: 641px) 100vw, 641px\" \/><\/a><\/figure>\n\n\n\n<p class=\"wp-block-paragraph\"><strong>Interested?<br>Feel free to get in touch.<\/strong><\/p>","protected":false},"excerpt":{"rendered":"<p>Als Kunde von Sixxon bieten wir Ihnen auf insgesamt 1.650 m\u00b2 Lagerfl\u00e4che die M\u00f6glichkeit eines Zoll- und Sicherheitslagers. Mit dem Zertifikat \u201eAEOC\u201c f\u00fcr zollrechtliche Vereinfachung stellen wir als \u201eZugelassener Wirtschaftsbeteiligter\u201c die damit verbundenen Vorteile in den Dienst unserer Kunden. Als ausgezeichnetes Logistikunternehmen sind wir Garant f\u00fcr Sicherheit, Bonit\u00e4t, Datenschutz und Qualit\u00e4t. Das Zolllager Wir bieten &hellip; <\/p>\n<p class=\"link-more\"><a href=\"https:\/\/www.sixxon.eu\/en\/dienstleistungen\/\" class=\"more-link\">Continue reading<span class=\"screen-reader-text\"> &#8222;Dienstleistungen&#8220;<\/span><\/a><\/p>","protected":false},"author":1,"featured_media":0,"parent":0,"menu_order":2,"comment_status":"closed","ping_status":"closed","template":"","meta":{"_crdt_document":"","advgb_blocks_editor_width":"","advgb_blocks_columns_visual_guide":"","footnotes":"","_links_to":"","_links_to_target":""},"class_list":["post-391","page","type-page","status-publish","hentry","entry"],"coauthors":[],"author_meta":{"author_link":"https:\/\/www.sixxon.eu\/en\/author\/kbu_admin\/","display_name":"kbu_admin"},"relative_dates":{"created":"Posted 4 years ago","modified":"Updated 1 year ago"},"absolute_dates":{"created":"Posted on 7. December 2021","modified":"Updated on 20. November 2024"},"absolute_dates_time":{"created":"Posted on 7. December 2021 16:57","modified":"Updated on 20. November 2024 2:44"},"featured_img_caption":"","featured_img":false,"series_order":"","_links":{"self":[{"href":"https:\/\/www.sixxon.eu\/en\/wp-json\/wp\/v2\/pages\/391","targetHints":{"allow":["GET"]}}],"collection":[{"href":"https:\/\/www.sixxon.eu\/en\/wp-json\/wp\/v2\/pages"}],"about":[{"href":"https:\/\/www.sixxon.eu\/en\/wp-json\/wp\/v2\/types\/page"}],"author":[{"embeddable":true,"href":"https:\/\/www.sixxon.eu\/en\/wp-json\/wp\/v2\/users\/1"}],"replies":[{"embeddable":true,"href":"https:\/\/www.sixxon.eu\/en\/wp-json\/wp\/v2\/comments?post=391"}],"version-history":[{"count":10,"href":"https:\/\/www.sixxon.eu\/en\/wp-json\/wp\/v2\/pages\/391\/revisions"}],"predecessor-version":[{"id":530,"href":"https:\/\/www.sixxon.eu\/en\/wp-json\/wp\/v2\/pages\/391\/revisions\/530"}],"wp:attachment":[{"href":"https:\/\/www.sixxon.eu\/en\/wp-json\/wp\/v2\/media?parent=391"}],"curies":[{"name":"wp","href":"https:\/\/api.w.org\/{rel}","templated":true}]}}